{"id":3943,"date":"2024-07-26T19:51:56","date_gmt":"2024-07-26T19:51:56","guid":{"rendered":"https:\/\/dev.metrixcommunication.it\/metrix\/?page_id=3943"},"modified":"2024-09-25T20:27:18","modified_gmt":"2024-09-25T20:27:18","slug":"cosa-facciamo","status":"publish","type":"page","link":"https:\/\/www.metrixcommunication.it\/en\/cosa-facciamo\/","title":{"rendered":"What we do"},"content":{"rendered":"<div data-elementor-type=\"wp-page\" data-elementor-id=\"3943\" class=\"elementor elementor-3943\" data-elementor-post-type=\"page\">\n\t\t\t\t<div class=\"elementor-element elementor-element-3b8462b3 e-flex e-con-boxed e-con e-parent\" data-id=\"3b8462b3\" data-element_type=\"container\" data-settings=\"{&quot;jet_parallax_layout_list&quot;:[]}\">\n\t\t\t\t\t<div class=\"e-con-inner\">\n\t\t\t\t<div class=\"elementor-element elementor-element-512f45dd animated-slow elementor-invisible elementor-widget elementor-widget-text-editor\" data-id=\"512f45dd\" data-element_type=\"widget\" data-settings=\"{&quot;_animation&quot;:&quot;fadeInUp&quot;}\" data-widget_type=\"text-editor.default\">\n\t\t\t\t<div class=\"elementor-widget-container\">\n\t\t\t\t\t\t\t\t\t<p style=\"font-weight: 400;\">At Metrix, strategy is analysis, but it is also insight. It is our view of the world, focused observation aimed at trends in today's ever-changing environment, and the search and ability to identify the added value in brand communication needed to truly differentiate from others and emerge from the chaotic competitive environment.<\/p>\t\t\t\t\t\t\t\t<\/div>\n\t\t\t\t<\/div>\n\t\t\t\t\t<\/div>\n\t\t\t\t<\/div>\n\t\t<div class=\"elementor-element elementor-element-76a21c2 e-con-full e-flex e-con e-parent\" data-id=\"76a21c2\" data-element_type=\"container\" data-settings=\"{&quot;jet_parallax_layout_list&quot;:[]}\">\n\t\t<div class=\"elementor-element elementor-element-979f568 e-con-full e-flex e-con e-child\" data-id=\"979f568\" data-element_type=\"container\" data-settings=\"{&quot;background_background&quot;:&quot;slideshow&quot;,&quot;background_slideshow_gallery&quot;:[{&quot;id&quot;:3047,&quot;url&quot;:&quot;https:\\\/\\\/www.metrixcommunication.it\\\/wp-content\\\/uploads\\\/2022\\\/05\\\/modella-clinians.jpg&quot;},{&quot;id&quot;:5122,&quot;url&quot;:&quot;https:\\\/\\\/www.metrixcommunication.it\\\/wp-content\\\/uploads\\\/2024\\\/09\\\/Shooting-Provolone-DOP12652.jpg&quot;},{&quot;id&quot;:5104,&quot;url&quot;:&quot;https:\\\/\\\/www.metrixcommunication.it\\\/wp-content\\\/uploads\\\/2024\\\/09\\\/fontaneto-ravioli-carne.jpg&quot;},{&quot;id&quot;:5123,&quot;url&quot;:&quot;https:\\\/\\\/www.metrixcommunication.it\\\/wp-content\\\/uploads\\\/2024\\\/09\\\/Shooting-Vino19363-K100.jpg&quot;}],&quot;background_slideshow_slide_duration&quot;:4000,&quot;background_slideshow_slide_transition&quot;:&quot;slide_left&quot;,&quot;jet_parallax_layout_list&quot;:[],&quot;background_slideshow_loop&quot;:&quot;yes&quot;,&quot;background_slideshow_transition_duration&quot;:500}\">\n\t\t\t\t<\/div>\n\t\t\t\t<\/div>\n\t\t\t\t<section class=\"elementor-section elementor-top-section elementor-element elementor-element-e6764ae elementor-section-boxed elementor-section-height-default elementor-section-height-default\" data-id=\"e6764ae\" data-element_type=\"section\" data-settings=\"{&quot;jet_parallax_layout_list&quot;:[],&quot;background_background&quot;:&quot;classic&quot;}\">\n\t\t\t\t\t\t<div class=\"elementor-container elementor-column-gap-default\">\n\t\t\t\t\t<div class=\"elementor-column elementor-col-100 elementor-top-column elementor-element elementor-element-5a37eb0b\" data-id=\"5a37eb0b\" data-element_type=\"column\">\n\t\t\t<div class=\"elementor-widget-wrap elementor-element-populated\">\n\t\t\t\t\t\t<div class=\"elementor-element elementor-element-6aab351 elementor-invisible elementor-widget elementor-widget-heading\" data-id=\"6aab351\" data-element_type=\"widget\" data-settings=\"{&quot;_animation&quot;:&quot;fadeInUp&quot;}\" data-widget_type=\"heading.default\">\n\t\t\t\t<div class=\"elementor-widget-container\">\n\t\t\t\t\t<h2 class=\"elementor-heading-title elementor-size-default\">The perfect shot before taking the photograph.<\/h2>\t\t\t\t<\/div>\n\t\t\t\t<\/div>\n\t\t\t\t\t<\/div>\n\t\t<\/div>\n\t\t\t\t\t<\/div>\n\t\t<\/section>\n\t\t<div class=\"elementor-element elementor-element-1d7a6a64 e-con-full e-flex e-con e-parent\" data-id=\"1d7a6a64\" data-element_type=\"container\" data-settings=\"{&quot;jet_parallax_layout_list&quot;:[]}\">\n\t\t<div class=\"elementor-element elementor-element-23de240b e-con-full fill-background color-purple enter-from-left e-flex e-con e-child\" data-id=\"23de240b\" data-element_type=\"container\" data-settings=\"{&quot;jet_parallax_layout_list&quot;:[]}\">\n\t\t\t\t<div class=\"elementor-element elementor-element-403146a6 animated-slow elementor-invisible elementor-widget elementor-widget-heading\" data-id=\"403146a6\" data-element_type=\"widget\" data-settings=\"{&quot;_animation&quot;:&quot;fadeInLeft&quot;}\" data-widget_type=\"heading.default\">\n\t\t\t\t<div class=\"elementor-widget-container\">\n\t\t\t\t\t<h2 class=\"elementor-heading-title elementor-size-default\">Communication artists, at the service of strategy. If art is understood as inspiration, that is, as the extreme manifestation of fantasy,<\/h2>\t\t\t\t<\/div>\n\t\t\t\t<\/div>\n\t\t\t\t<\/div>\n\t\t<div class=\"elementor-element elementor-element-46782ba8 e-con-full e-flex e-con e-child\" data-id=\"46782ba8\" data-element_type=\"container\" data-settings=\"{&quot;jet_parallax_layout_list&quot;:[]}\">\n\t\t<div class=\"elementor-element elementor-element-1c249804 e-con-full e-flex e-con e-child\" data-id=\"1c249804\" data-element_type=\"container\" data-settings=\"{&quot;background_background&quot;:&quot;video&quot;,&quot;jet_parallax_layout_list&quot;:[],&quot;background_video_link&quot;:&quot;https:\\\/\\\/www.metrixcommunication.it\\\/wp-content\\\/uploads\\\/2024\\\/09\\\/IGOR-15sec_06112023.mp4&quot;,&quot;background_play_on_mobile&quot;:&quot;yes&quot;}\">\n\t\t<div class=\"elementor-background-video-container\" aria-hidden=\"true\">\n\t\t\t\t\t\t\t<video class=\"elementor-background-video-hosted\" autoplay muted playsinline loop><\/video>\n\t\t\t\t\t<\/div>\t\t<div class=\"elementor-element elementor-element-99bfc elementor-widget elementor-widget-spacer\" data-id=\"99bfc\" data-element_type=\"widget\" data-widget_type=\"spacer.default\">\n\t\t\t\t<div class=\"elementor-widget-container\">\n\t\t\t\t\t\t\t<div class=\"elementor-spacer\">\n\t\t\t<div class=\"elementor-spacer-inner\"><\/div>\n\t\t<\/div>\n\t\t\t\t\t\t<\/div>\n\t\t\t\t<\/div>\n\t\t\t\t<\/div>\n\t\t<div class=\"elementor-element elementor-element-48deb5b e-con-full e-flex e-con e-child\" data-id=\"48deb5b\" data-element_type=\"container\" data-settings=\"{&quot;background_background&quot;:&quot;classic&quot;,&quot;jet_parallax_layout_list&quot;:[]}\">\n\t\t\t\t<div class=\"elementor-element elementor-element-52a0a2ab animated-slow elementor-invisible elementor-widget elementor-widget-text-editor\" data-id=\"52a0a2ab\" data-element_type=\"widget\" data-settings=\"{&quot;_animation&quot;:&quot;fadeInRight&quot;}\" data-widget_type=\"text-editor.default\">\n\t\t\t\t<div class=\"elementor-widget-container\">\n\t\t\t\t\t\t\t\t\t<p style=\"font-weight: 400;\">Creativity, on the other hand, is the aim of a concrete process, the visual realisation of established objectives.<\/p>\t\t\t\t\t\t\t\t<\/div>\n\t\t\t\t<\/div>\n\t\t\t\t<\/div>\n\t\t\t\t<\/div>\n\t\t\t\t<\/div>\n\t\t<div class=\"elementor-element elementor-element-269b7f55 e-con-full e-flex e-con e-parent\" data-id=\"269b7f55\" data-element_type=\"container\" data-settings=\"{&quot;jet_parallax_layout_list&quot;:[]}\">\n\t\t<div class=\"elementor-element elementor-element-6d9aa569 e-con-full fill-background color-yellow enter-from-right e-flex e-con e-child\" data-id=\"6d9aa569\" data-element_type=\"container\" data-settings=\"{&quot;jet_parallax_layout_list&quot;:[],&quot;background_background&quot;:&quot;video&quot;,&quot;background_video_link&quot;:&quot;https:\\\/\\\/www.metrixcommunication.it\\\/wp-content\\\/uploads\\\/2022\\\/05\\\/sky_sport_f1_2018_10_28_20_31_13_BREEZE.mp4&quot;,&quot;background_play_on_mobile&quot;:&quot;yes&quot;}\">\n\t\t<div class=\"elementor-background-video-container\" aria-hidden=\"true\">\n\t\t\t\t\t\t\t<video class=\"elementor-background-video-hosted\" autoplay muted playsinline loop><\/video>\n\t\t\t\t\t<\/div>\t\t<\/div>\n\t\t<div class=\"elementor-element elementor-element-2d8b0f5e e-con-full e-flex elementor-invisible e-con e-child\" data-id=\"2d8b0f5e\" data-element_type=\"container\" data-settings=\"{&quot;background_background&quot;:&quot;classic&quot;,&quot;jet_parallax_layout_list&quot;:[],&quot;animation&quot;:&quot;fadeIn&quot;,&quot;animation_delay&quot;:500}\">\n\t\t\t\t<div class=\"elementor-element elementor-element-4d5485 animated-slow elementor-invisible elementor-widget elementor-widget-heading\" data-id=\"4d5485\" data-element_type=\"widget\" data-settings=\"{&quot;_animation&quot;:&quot;fadeInLeft&quot;}\" data-widget_type=\"heading.default\">\n\t\t\t\t<div class=\"elementor-widget-container\">\n\t\t\t\t\t<h2 class=\"elementor-heading-title elementor-size-default\">We design the meeting with the target audience.<\/h2>\t\t\t\t<\/div>\n\t\t\t\t<\/div>\n\t\t\t\t<\/div>\n\t\t<div class=\"elementor-element elementor-element-6123728f e-con-full e-flex elementor-invisible e-con e-child\" data-id=\"6123728f\" data-element_type=\"container\" data-settings=\"{&quot;jet_parallax_layout_list&quot;:[],&quot;animation&quot;:&quot;fadeIn&quot;,&quot;animation_delay&quot;:500}\">\n\t\t\t\t<div class=\"elementor-element elementor-element-7186fcd9 animated-slow elementor-invisible elementor-widget elementor-widget-text-editor\" data-id=\"7186fcd9\" data-element_type=\"widget\" data-settings=\"{&quot;_animation&quot;:&quot;fadeInRight&quot;}\" data-widget_type=\"text-editor.default\">\n\t\t\t\t<div class=\"elementor-widget-container\">\n\t\t\t\t\t\t\t\t\t<p style=\"font-weight: 400;\">For us, media planning is the conclusion of the whole strategic-creative journey. We work to ensure that each message is communicated on the right channel and at the right time so that it reaches the target audience of choice.<\/p>\t\t\t\t\t\t\t\t<\/div>\n\t\t\t\t<\/div>\n\t\t\t\t<div class=\"elementor-element elementor-element-7e7d73c1 elementor-widget elementor-widget-html\" data-id=\"7e7d73c1\" data-element_type=\"widget\" data-widget_type=\"html.default\">\n\t\t\t\t<div class=\"elementor-widget-container\">\n\t\t\t\t\t<script>\ndocument.addEventListener('DOMContentLoaded', function () {\n    var observer = new IntersectionObserver(function(entries) {\n        entries.forEach(function(entry) {\n            if (entry.isIntersecting) {\n                entry.target.classList.add('fill-background-animate');\n                observer.unobserve(entry.target); \/\/ Rimuove l'osservatore una volta che l'animazione \u00e8 stata attivata\n            }\n        });\n    }, {\n        threshold: 0.1 \/\/ Modifica la soglia in base alle tue esigenze\n    });\n\n    var elements = document.querySelectorAll('.fill-background');\n    elements.forEach(function(element) {\n        observer.observe(element);\n    });\n});\n<\/script>\t\t\t\t<\/div>\n\t\t\t\t<\/div>\n\t\t\t\t<\/div>\n\t\t<div class=\"elementor-element elementor-element-48baef11 e-con-full e-flex e-con e-child\" data-id=\"48baef11\" data-element_type=\"container\" data-settings=\"{&quot;background_background&quot;:&quot;classic&quot;,&quot;jet_parallax_layout_list&quot;:[]}\">\n\t\t\t\t<div class=\"elementor-element elementor-element-4d8382e elementor-widget elementor-widget-spacer\" data-id=\"4d8382e\" data-element_type=\"widget\" data-widget_type=\"spacer.default\">\n\t\t\t\t<div class=\"elementor-widget-container\">\n\t\t\t\t\t\t\t<div class=\"elementor-spacer\">\n\t\t\t<div class=\"elementor-spacer-inner\"><\/div>\n\t\t<\/div>\n\t\t\t\t\t\t<\/div>\n\t\t\t\t<\/div>\n\t\t\t\t<\/div>\n\t\t\t\t<\/div>\n\t\t\t\t<section class=\"elementor-section elementor-top-section elementor-element elementor-element-933c343 elementor-section-boxed elementor-section-height-default elementor-section-height-default\" data-id=\"933c343\" data-element_type=\"section\" data-settings=\"{&quot;jet_parallax_layout_list&quot;:[],&quot;background_background&quot;:&quot;classic&quot;}\">\n\t\t\t\t\t\t<div class=\"elementor-container elementor-column-gap-default\">\n\t\t\t\t\t<div class=\"elementor-column elementor-col-100 elementor-top-column elementor-element elementor-element-cc8e4c2\" data-id=\"cc8e4c2\" data-element_type=\"column\">\n\t\t\t<div class=\"elementor-widget-wrap elementor-element-populated\">\n\t\t\t\t\t\t<div class=\"elementor-element elementor-element-13ae9dd elementor-invisible elementor-widget elementor-widget-heading\" data-id=\"13ae9dd\" data-element_type=\"widget\" data-settings=\"{&quot;_animation&quot;:&quot;fadeInUp&quot;}\" data-widget_type=\"heading.default\">\n\t\t\t\t<div class=\"elementor-widget-container\">\n\t\t\t\t\t<h2 class=\"elementor-heading-title elementor-size-default\">We are the communications agency that Creates Connections between Brands and People.<\/h2>\t\t\t\t<\/div>\n\t\t\t\t<\/div>\n\t\t\t\t\t<\/div>\n\t\t<\/div>\n\t\t\t\t\t<\/div>\n\t\t<\/section>\n\t\t\t\t<\/div>","protected":false},"excerpt":{"rendered":"<p>In Metrix la strategia \u00e8 analisi, ma anche intuizione. \u00c8 il nostro sguardo sul mondo, \u00e8 osservazione mirata e rivolta alle tendenze del contesto attuale, in continua evoluzione. \u00c8 la ricerca e capacit\u00e0 di individuare il valore aggiunto nella comunicazione del brand, quel valore necessario per differenziarsi realmente dagli altri ed emergere dal caotico ambiente [&hellip;]<\/p>","protected":false},"author":1,"featured_media":0,"parent":0,"menu_order":0,"comment_status":"closed","ping_status":"closed","template":"","meta":{"_acf_changed":false,"footnotes":""},"class_list":["post-3943","page","type-page","status-publish","hentry"],"acf":[],"_links":{"self":[{"href":"https:\/\/www.metrixcommunication.it\/en\/wp-json\/wp\/v2\/pages\/3943","targetHints":{"allow":["GET"]}}],"collection":[{"href":"https:\/\/www.metrixcommunication.it\/en\/wp-json\/wp\/v2\/pages"}],"about":[{"href":"https:\/\/www.metrixcommunication.it\/en\/wp-json\/wp\/v2\/types\/page"}],"author":[{"embeddable":true,"href":"https:\/\/www.metrixcommunication.it\/en\/wp-json\/wp\/v2\/users\/1"}],"replies":[{"embeddable":true,"href":"https:\/\/www.metrixcommunication.it\/en\/wp-json\/wp\/v2\/comments?post=3943"}],"version-history":[{"count":191,"href":"https:\/\/www.metrixcommunication.it\/en\/wp-json\/wp\/v2\/pages\/3943\/revisions"}],"predecessor-version":[{"id":5410,"href":"https:\/\/www.metrixcommunication.it\/en\/wp-json\/wp\/v2\/pages\/3943\/revisions\/5410"}],"wp:attachment":[{"href":"https:\/\/www.metrixcommunication.it\/en\/wp-json\/wp\/v2\/media?parent=3943"}],"curies":[{"name":"wp","href":"https:\/\/api.w.org\/{rel}","templated":true}]}}